{"id":1238,"date":"2020-09-30T12:52:10","date_gmt":"2020-09-30T10:52:10","guid":{"rendered":"http:\/\/157.230.24.196\/?post_type=product&#038;p=1238"},"modified":"2020-09-30T12:53:25","modified_gmt":"2020-09-30T10:53:25","slug":"soelv-forgyldt-90cm-kaede-med-barok-perler","status":"publish","type":"product","link":"http:\/\/jewelz.dk\/?product=soelv-forgyldt-90cm-kaede-med-barok-perler","title":{"rendered":"S\u00f8lv forgyldt 90cm k\u00e6de med barok perler"},"content":{"rendered":"<p>S\u00f8lv forgyldt 90cm k\u00e6de med barok perler<\/p>\n","protected":false},"excerpt":{"rendered":"<p>S\u00f8lv forgyldt 90cm k\u00e6de med barok perler<\/p>\n","protected":false},"featured_media":1235,"comment_status":"open","ping_status":"closed","template":"","meta":[],"_links":{"self":[{"href":"http:\/\/jewelz.dk\/index.php?rest_route=\/wp\/v2\/product\/1238"}],"collection":[{"href":"http:\/\/jewelz.dk\/index.php?rest_route=\/wp\/v2\/product"}],"about":[{"href":"http:\/\/jewelz.dk\/index.php?rest_route=\/wp\/v2\/types\/product"}],"replies":[{"embeddable":true,"href":"http:\/\/jewelz.dk\/index.php?rest_route=%2Fwp%2Fv2%2Fcomments&post=1238"}],"wp:featuredmedia":[{"embeddable":true,"href":"http:\/\/jewelz.dk\/index.php?rest_route=\/wp\/v2\/media\/1235"}],"wp:attachment":[{"href":"http:\/\/jewelz.dk\/index.php?rest_route=%2Fwp%2Fv2%2Fmedia&parent=1238"}],"curies":[{"name":"wp","href":"https:\/\/api.w.org\/{rel}","templated":true}]}}