{"id":1237,"date":"2020-09-30T12:47:36","date_gmt":"2020-09-30T10:47:36","guid":{"rendered":"http:\/\/157.230.24.196\/?post_type=product&#038;p=1237"},"modified":"2020-09-30T12:47:36","modified_gmt":"2020-09-30T10:47:36","slug":"soelv-forgyldt-oerestik-med-barok-perle-2","status":"publish","type":"product","link":"http:\/\/jewelz.dk\/?product=soelv-forgyldt-oerestik-med-barok-perle-2","title":{"rendered":"S\u00f8lv forgyldt \u00f8restik med barok perle"},"content":{"rendered":"<p>S\u00f8lv forgyldt \u00f8restik med barok perle<\/p>\n","protected":false},"excerpt":{"rendered":"<p>S\u00f8lv forgyldt \u00f8restik med barok perle<\/p>\n","protected":false},"featured_media":1234,"comment_status":"open","ping_status":"closed","template":"","meta":[],"_links":{"self":[{"href":"http:\/\/jewelz.dk\/index.php?rest_route=\/wp\/v2\/product\/1237"}],"collection":[{"href":"http:\/\/jewelz.dk\/index.php?rest_route=\/wp\/v2\/product"}],"about":[{"href":"http:\/\/jewelz.dk\/index.php?rest_route=\/wp\/v2\/types\/product"}],"replies":[{"embeddable":true,"href":"http:\/\/jewelz.dk\/index.php?rest_route=%2Fwp%2Fv2%2Fcomments&post=1237"}],"wp:featuredmedia":[{"embeddable":true,"href":"http:\/\/jewelz.dk\/index.php?rest_route=\/wp\/v2\/media\/1234"}],"wp:attachment":[{"href":"http:\/\/jewelz.dk\/index.php?rest_route=%2Fwp%2Fv2%2Fmedia&parent=1237"}],"curies":[{"name":"wp","href":"https:\/\/api.w.org\/{rel}","templated":true}]}}