{"id":1181,"date":"2020-09-30T09:29:48","date_gmt":"2020-09-30T07:29:48","guid":{"rendered":"http:\/\/157.230.24.196\/?post_type=product&#038;p=1181"},"modified":"2020-09-30T09:29:49","modified_gmt":"2020-09-30T07:29:49","slug":"soelv-forgyldt-oerestik-med-barok-perle","status":"publish","type":"product","link":"http:\/\/jewelz.dk\/?product=soelv-forgyldt-oerestik-med-barok-perle","title":{"rendered":"S\u00f8lv forgyldt \u00f8restik med barok perle"},"content":{"rendered":"<p>S\u00f8lv forgyldt \u00f8restik med barok perle<\/p>\n","protected":false},"excerpt":{"rendered":"<p>S\u00f8lv forgyldt \u00f8restik med barok perle<\/p>\n","protected":false},"featured_media":1079,"comment_status":"open","ping_status":"closed","template":"","meta":[],"_links":{"self":[{"href":"http:\/\/jewelz.dk\/index.php?rest_route=\/wp\/v2\/product\/1181"}],"collection":[{"href":"http:\/\/jewelz.dk\/index.php?rest_route=\/wp\/v2\/product"}],"about":[{"href":"http:\/\/jewelz.dk\/index.php?rest_route=\/wp\/v2\/types\/product"}],"replies":[{"embeddable":true,"href":"http:\/\/jewelz.dk\/index.php?rest_route=%2Fwp%2Fv2%2Fcomments&post=1181"}],"wp:featuredmedia":[{"embeddable":true,"href":"http:\/\/jewelz.dk\/index.php?rest_route=\/wp\/v2\/media\/1079"}],"wp:attachment":[{"href":"http:\/\/jewelz.dk\/index.php?rest_route=%2Fwp%2Fv2%2Fmedia&parent=1181"}],"curies":[{"name":"wp","href":"https:\/\/api.w.org\/{rel}","templated":true}]}}