{"id":1061,"date":"2020-09-28T16:58:28","date_gmt":"2020-09-28T14:58:28","guid":{"rendered":"http:\/\/157.230.24.196\/?post_type=product&#038;p=1061"},"modified":"2020-10-01T13:39:45","modified_gmt":"2020-10-01T11:39:45","slug":"forlovelses-vielsesringe-5mm-bred-2","status":"publish","type":"product","link":"http:\/\/jewelz.dk\/?product=forlovelses-vielsesringe-5mm-bred-2","title":{"rendered":"Forlovelses\/vielsesringe 5mm bred"},"content":{"rendered":"<p>Forlovelses\/vielsesringe 5mm bred.<\/p>\n<p>Vejl. udsalgspris pr par i 9kt.: 9300.-<\/p>\n<p>Vejl. udsalgspris pr par i 14kt.: 13900.-<\/p>\n<p>Vejl. udsalgspris pr par i s\u00f8lv: 2500.-\u00a0 ( bem\u00e6rk at hele ringen vil v\u00e6re s\u00f8lv farvet )<\/p>\n<p>&nbsp;<\/p>\n<p>Gravering 45kr. pr. ring.<\/p>\n<p>\u00d8nskes gravering s\u00e5 skriv da graveres + tekst i kommentarfeltet ved check out.<\/p>\n","protected":false},"excerpt":{"rendered":"<p>Forlovelses\/vielsesringe 5mm bred. Vejl. udsalgspris pr par i 9kt.: 9300.- Vejl. udsalgspris pr par i 14kt.: 13900.- Vejl. udsalgspris pr par i s\u00f8lv: 2500.-\u00a0 ( bem\u00e6rk at hele ringen vil v\u00e6re s\u00f8lv farvet ) &nbsp; Gravering 45kr. pr. ring. \u00d8nskes gravering s\u00e5 skriv da graveres + tekst i kommentarfeltet ved check out.<\/p>\n","protected":false},"featured_media":1053,"comment_status":"open","ping_status":"closed","template":"","meta":[],"_links":{"self":[{"href":"http:\/\/jewelz.dk\/index.php?rest_route=\/wp\/v2\/product\/1061"}],"collection":[{"href":"http:\/\/jewelz.dk\/index.php?rest_route=\/wp\/v2\/product"}],"about":[{"href":"http:\/\/jewelz.dk\/index.php?rest_route=\/wp\/v2\/types\/product"}],"replies":[{"embeddable":true,"href":"http:\/\/jewelz.dk\/index.php?rest_route=%2Fwp%2Fv2%2Fcomments&post=1061"}],"wp:featuredmedia":[{"embeddable":true,"href":"http:\/\/jewelz.dk\/index.php?rest_route=\/wp\/v2\/media\/1053"}],"wp:attachment":[{"href":"http:\/\/jewelz.dk\/index.php?rest_route=%2Fwp%2Fv2%2Fmedia&parent=1061"}],"curies":[{"name":"wp","href":"https:\/\/api.w.org\/{rel}","templated":true}]}}