{"id":848,"date":"2020-09-16T23:53:56","date_gmt":"2020-09-16T21:53:56","guid":{"rendered":"http:\/\/157.230.24.196\/?page_id=848"},"modified":"2020-10-12T10:22:53","modified_gmt":"2020-10-12T08:22:53","slug":"prisgaranti","status":"publish","type":"page","link":"http:\/\/jewelz.dk\/?page_id=848","title":{"rendered":"Prisgaranti"},"content":{"rendered":"<header class=\"entry-header\">\n<h1 class=\"entry-title\"><em style=\"font-size: 16px;\">Kan du finde et tilsvarende smykke billigere p\u00e5 nettet, eller i en guldsmedeforretning, s\u00e5 f\u00e5r du vores smykke til samme pris.<\/em><\/h1>\n<\/header>\n<div class=\"entry-content\">\n<h3>Prisgarantien g\u00e6lder for alle guld- og diamantsmykker i Jewelz, hvor du i beskrivelsen ser Prisgaranti-m\u00e6rket. Nedenfor kan du se de smykkekollektioner der har prisgaranti, og de pr\u00e6cise betingelser.<\/h3>\n<p>&nbsp;<\/p>\n<p>Prisgarantien for Alliance smykkerne<\/p>\n<p>Kan du finde alliance smykker i tilsvarende kvalitet p\u00e5 en dansk sproget netbutik eller i en guldsmedeforretning? S\u00e5 f\u00e5r du alliance smykkerne fra Jewelz til den lavere pris du har fundet! Alliance smykkerne skal v\u00e6re udf\u00f8rt i 14 karat guld eller hvidguld, og med samme guldv\u00e6gt og diamantst\u00f8rrelse og kvalitet som i Jewelz. Du kan l\u00e6se om den pr\u00e6cise diamantkvalitet nederst p\u00e5 siden.<\/p>\n<h3>Prisgarantien for Diamant smykkerne<\/h3>\n<p>Kan du finde et diamantsmykke i tilsvarende kvalitet p\u00e5 en dansk sproget netbutik eller i en guldsmedeforretning? Hvis ja, s\u00e5 f\u00e5r du diamansmykket fra Jewelz til den lavere pris du har fundet! Diamantsmykkerne skal v\u00e6re udf\u00f8rt i 14 karat guld eller hvidguld og med samme v\u00e6gt og diamantkvalitet som i Jewelz. Du kan l\u00e6se om den pr\u00e6cise diamantkvalitet nederst p\u00e5 siden.<\/p>\n<h4><\/h4>\n<h4><em>Hvad er en prisgaranti egentligt v\u00e6rd?<\/em><br \/>\n<em>En god handel \u2013 eller bare billigt?<\/em><\/h4>\n<p>I Jewelz handler det ikke om at k\u00f8be et billigt smykke, men om at k\u00f8be et \u00e6gte og kostbart smykke, billigt.<\/p>\n<p>I Jewelz s\u00e6lger vi diamantsmykker, begyndende med priser p\u00e5 kr. 995,- for et diamantsmykke med en diamant p\u00e5 0,05 carat udf\u00f8rt i 14 karat guld eller hvidguld. Det er ganske enkelt et kostbart smykke som du k\u00f8ber billigt. Og jo st\u00f8rre en diamant der er i smykket jo mere sparer du faktisk p\u00e5 et \u00e6gte kostbart smykke\u2026det synes vi er en god handel.<\/p>\n<p>Vi opfordrer dig til at s\u00f8ge p\u00e5 nettet og konstatere at vi ikke bare s\u00e6lger billige smykker. Du vil se, at uanset hvilken diamantst\u00f8rrelse du kigger p\u00e5 i Jewelz, s\u00e5 kan du v\u00e6re sikker p\u00e5 at g\u00f8re en god handel, ogs\u00e5 n\u00e5r det er de eksklusive alliancesmykker.<\/p>\n<\/div>\n","protected":false},"excerpt":{"rendered":"<p>Kan du finde et tilsvarende smykke billigere p\u00e5 nettet, eller i en guldsmedeforretning, s\u00e5 f\u00e5r du vores smykke til samme pris. Prisgarantien g\u00e6lder for alle guld- og diamantsmykker i Jewelz, hvor du i beskrivelsen ser Prisgaranti-m\u00e6rket. Nedenfor kan du se de smykkekollektioner der har prisgaranti, og de pr\u00e6cise betingelser. &nbsp; Prisgarantien for Alliance smykkerne Kan&hellip;<\/p>\n","protected":false},"author":2,"featured_media":0,"parent":0,"menu_order":0,"comment_status":"closed","ping_status":"closed","template":"","meta":[],"_links":{"self":[{"href":"http:\/\/jewelz.dk\/index.php?rest_route=\/wp\/v2\/pages\/848"}],"collection":[{"href":"http:\/\/jewelz.dk\/index.php?rest_route=\/wp\/v2\/pages"}],"about":[{"href":"http:\/\/jewelz.dk\/index.php?rest_route=\/wp\/v2\/types\/page"}],"author":[{"embeddable":true,"href":"http:\/\/jewelz.dk\/index.php?rest_route=\/wp\/v2\/users\/2"}],"replies":[{"embeddable":true,"href":"http:\/\/jewelz.dk\/index.php?rest_route=%2Fwp%2Fv2%2Fcomments&post=848"}],"version-history":[{"count":5,"href":"http:\/\/jewelz.dk\/index.php?rest_route=\/wp\/v2\/pages\/848\/revisions"}],"predecessor-version":[{"id":2952,"href":"http:\/\/jewelz.dk\/index.php?rest_route=\/wp\/v2\/pages\/848\/revisions\/2952"}],"wp:attachment":[{"href":"http:\/\/jewelz.dk\/index.php?rest_route=%2Fwp%2Fv2%2Fmedia&parent=848"}],"curies":[{"name":"wp","href":"https:\/\/api.w.org\/{rel}","templated":true}]}}