{"id":49,"date":"2020-01-28T14:57:23","date_gmt":"2020-01-28T14:57:23","guid":{"rendered":"http:\/\/peakshops.fuelthemes.net\/?page_id=49"},"modified":"2020-11-25T19:43:59","modified_gmt":"2020-11-25T17:43:59","slug":"contact-us","status":"publish","type":"page","link":"http:\/\/jewelz.dk\/?page_id=49","title":{"rendered":"Kontakt"},"content":{"rendered":"[vc_row][vc_column width=&#8221;3\/4&#8243; css=&#8221;.vc_custom_1581948845321{padding-right: 5% !important;}&#8221;][vc_empty_space height=&#8221;40px&#8221;][vc_column_text]\n<h3>Vi h\u00f8rer gerne fra dig<\/h3>\n<p>Har du nogen sp\u00f8rgsm\u00e5l s\u00e5 skriv til os.[\/vc_column_text][vc_empty_space height=&#8221;40px&#8221;]<div role=\"form\" class=\"wpcf7\" id=\"wpcf7-f260-o1\" lang=\"en-US\" dir=\"ltr\">\n<div class=\"screen-reader-response\" role=\"alert\" aria-live=\"polite\"><\/div>\n<form action=\"\/index.php?rest_route=%2Fwp%2Fv2%2Fpages%2F49#wpcf7-f260-o1\" method=\"post\" class=\"wpcf7-form init\" novalidate=\"novalidate\">\n<div style=\"display: none;\">\n<input type=\"hidden\" name=\"_wpcf7\" value=\"260\" \/>\n<input type=\"hidden\" name=\"_wpcf7_version\" value=\"5.2.2\" \/>\n<input type=\"hidden\" name=\"_wpcf7_locale\" value=\"en_US\" \/>\n<input type=\"hidden\" name=\"_wpcf7_unit_tag\" value=\"wpcf7-f260-o1\" \/>\n<input type=\"hidden\" name=\"_wpcf7_container_post\" value=\"0\" \/>\n<input type=\"hidden\" name=\"_wpcf7_posted_data_hash\" value=\"\" \/>\n<\/div>\n<div class=\"row\">\n<div class=\"small-12 large-6 columns\">\n<label>Navn<\/label> <span class=\"wpcf7-form-control-wrap your-firstname\"><input type=\"text\" name=\"your-firstname\" value=\"\" size=\"40\" class=\"wpcf7-form-control wpcf7-text wpcf7-validates-as-required full\" aria-required=\"true\" aria-invalid=\"false\" \/><\/span>\n<\/div>\n<div class=\"small-12 large-6 columns\">\n<label>E-mail<\/label> <span class=\"wpcf7-form-control-wrap your-email\"><input type=\"text\" name=\"your-email\" value=\"\" size=\"40\" class=\"wpcf7-form-control wpcf7-text wpcf7-validates-as-required full\" aria-required=\"true\" aria-invalid=\"false\" \/><\/span>\n<\/div>\n<div class=\"small-12 columns\">\n<label>Besked<\/label> <span class=\"wpcf7-form-control-wrap your-message\"><textarea name=\"your-message\" cols=\"40\" rows=\"10\" class=\"wpcf7-form-control wpcf7-textarea full\" aria-invalid=\"false\"><\/textarea><\/span>\n<\/div>\n<\/div>\n<div class=\"row\">\n<div class=\"small-12 columns\">\n<input type=\"submit\" value=\"Send Message\" class=\"wpcf7-form-control wpcf7-submit btn\" \/>\n<\/div>\n<\/div>\n<div class=\"wpcf7-response-output\" role=\"alert\" aria-hidden=\"true\"><\/div><\/form><\/div>[vc_empty_space height=&#8221;40px&#8221;][\/vc_column][vc_column width=&#8221;1\/4&#8243;][vc_column_text]\n<h5><img loading=\"lazy\" class=\"alignnone size-full wp-image-238 lazyload\" src=\"data:image\/gif;base64,R0lGODlhAQABAAAAACH5BAEKAAEALAAAAAABAAEAAAICTAEAOw==\" data-src=\"http:\/\/157.230.24.196\/wp-content\/uploads\/2020\/02\/i3.png\" alt=\"\" width=\"20\" height=\"18\" \/>\u00a0 \u00a0 JEWELZ<\/h5>\n[\/vc_column_text][vc_column_text]\n<p style=\"padding-left: 40px;\"><span style=\"font-size: 14px;\">Vangeleddet 69<\/span><br \/>\n2670 Greve<br \/>\nDanmark<\/p>\n<p><span style=\"font-size: 14px;\"><img loading=\"lazy\" class=\"alignnone size-full wp-image-662 lazyload\" src=\"data:image\/gif;base64,R0lGODlhAQABAAAAACH5BAEKAAEALAAAAAABAAEAAAICTAEAOw==\" data-src=\"http:\/\/157.230.24.196\/wp-content\/uploads\/2020\/04\/phone.png\" alt=\"\" width=\"16\" height=\"20\" \/>\u00a0 \u00a0 \u00a0\u00a0 40797959<\/span><\/p>\n<p><span style=\"font-size: 14px;\">Email:\u00a0 mail@jewelz.dk<\/span>[\/vc_column_text][vc_empty_space height=&#8221;40px&#8221;][vc_column_text][\/vc_column_text][vc_column_text]<span style=\"font-size: 14px;\">\u00a0<\/span>[\/vc_column_text][vc_empty_space height=&#8221;40px&#8221;][\/vc_column][\/vc_row]\n","protected":false},"excerpt":{"rendered":"<p>[vc_row][vc_column width=&#8221;3\/4&#8243; css=&#8221;.vc_custom_1581948845321{padding-right: 5% !important;}&#8221;][vc_empty_space height=&#8221;40px&#8221;][vc_column_text] Vi h\u00f8rer gerne fra dig Har du nogen sp\u00f8rgsm\u00e5l s\u00e5 skriv til os.[\/vc_column_text][vc_empty_space height=&#8221;40px&#8221;][vc_empty_space height=&#8221;40px&#8221;][\/vc_column][vc_column width=&#8221;1\/4&#8243;][vc_column_text] \u00a0 \u00a0 JEWELZ [\/vc_column_text][vc_column_text] Vangeleddet 69 2670 Greve Danmark \u00a0 \u00a0 \u00a0\u00a0 40797959 Email:\u00a0 mail@jewelz.dk[\/vc_column_text][vc_empty_space height=&#8221;40px&#8221;][vc_column_text][\/vc_column_text][vc_column_text]\u00a0[\/vc_column_text][vc_empty_space height=&#8221;40px&#8221;][\/vc_column][\/vc_row]<\/p>\n","protected":false},"author":1,"featured_media":766,"parent":0,"menu_order":0,"comment_status":"closed","ping_status":"closed","template":"page-default.php","meta":[],"_links":{"self":[{"href":"http:\/\/jewelz.dk\/index.php?rest_route=\/wp\/v2\/pages\/49"}],"collection":[{"href":"http:\/\/jewelz.dk\/index.php?rest_route=\/wp\/v2\/pages"}],"about":[{"href":"http:\/\/jewelz.dk\/index.php?rest_route=\/wp\/v2\/types\/page"}],"author":[{"embeddable":true,"href":"http:\/\/jewelz.dk\/index.php?rest_route=\/wp\/v2\/users\/1"}],"replies":[{"embeddable":true,"href":"http:\/\/jewelz.dk\/index.php?rest_route=%2Fwp%2Fv2%2Fcomments&post=49"}],"version-history":[{"count":6,"href":"http:\/\/jewelz.dk\/index.php?rest_route=\/wp\/v2\/pages\/49\/revisions"}],"predecessor-version":[{"id":3122,"href":"http:\/\/jewelz.dk\/index.php?rest_route=\/wp\/v2\/pages\/49\/revisions\/3122"}],"wp:featuredmedia":[{"embeddable":true,"href":"http:\/\/jewelz.dk\/index.php?rest_route=\/wp\/v2\/media\/766"}],"wp:attachment":[{"href":"http:\/\/jewelz.dk\/index.php?rest_route=%2Fwp%2Fv2%2Fmedia&parent=49"}],"curies":[{"name":"wp","href":"https:\/\/api.w.org\/{rel}","templated":true}]}}