{"id":48,"date":"2020-01-28T14:56:26","date_gmt":"2020-01-28T14:56:26","guid":{"rendered":"http:\/\/peakshops.fuelthemes.net\/?page_id=48"},"modified":"2020-12-12T20:28:41","modified_gmt":"2020-12-12T18:28:41","slug":"about-us","status":"publish","type":"page","link":"http:\/\/jewelz.dk\/?page_id=48","title":{"rendered":"OM JEWELZ"},"content":{"rendered":"[vc_row thb_full_width=&#8221;true&#8221; thb_row_padding=&#8221;true&#8221; thb_column_padding=&#8221;true&#8221; css=&#8221;.vc_custom_1582198247050{margin-bottom: 50px !important;}&#8221;][vc_column][vc_empty_space height=&#8221;30px&#8221;][vc_row_inner css=&#8221;.vc_custom_1582024949496{padding-top: 250px !important;padding-bottom: 30px !important;background-image: url(http:\/\/157.230.24.196\/wp-content\/uploads\/2020\/02\/a1.jpg?id=262) !important;background-position: center !important;background-repeat: no-repeat !important;background-size: cover !important;}&#8221;][vc_column_inner thb_color=&#8221;thb-light-column&#8221;][vc_column_text]\n<h1>Om Jewelz<\/h1>\n<p><img loading=\"lazy\" class=\"size-full wp-image-880 lazyload\" src=\"data:image\/gif;base64,R0lGODlhAQABAAAAACH5BAEKAAEALAAAAAABAAEAAAICTAEAOw==\" data-src=\"http:\/\/157.230.24.196\/wp-content\/uploads\/2020\/09\/AdobeStock_328945435-musling-rigtig-scaled.jpeg\" alt=\"\" width=\"2560\" height=\"1707\" data-sizes=\"auto\" data-srcset=\"http:\/\/jewelz.dk\/wp-content\/uploads\/2020\/09\/AdobeStock_328945435-musling-rigtig-scaled.jpeg 2560w, http:\/\/jewelz.dk\/wp-content\/uploads\/2020\/09\/AdobeStock_328945435-musling-rigtig-300x200.jpeg 300w, http:\/\/jewelz.dk\/wp-content\/uploads\/2020\/09\/AdobeStock_328945435-musling-rigtig-1024x683.jpeg 1024w, http:\/\/jewelz.dk\/wp-content\/uploads\/2020\/09\/AdobeStock_328945435-musling-rigtig-768x512.jpeg 768w, http:\/\/jewelz.dk\/wp-content\/uploads\/2020\/09\/AdobeStock_328945435-musling-rigtig-1536x1024.jpeg 1536w, http:\/\/jewelz.dk\/wp-content\/uploads\/2020\/09\/AdobeStock_328945435-musling-rigtig-2048x1365.jpeg 2048w, http:\/\/jewelz.dk\/wp-content\/uploads\/2020\/09\/AdobeStock_328945435-musling-rigtig-855x570.jpeg 855w, http:\/\/jewelz.dk\/wp-content\/uploads\/2020\/09\/AdobeStock_328945435-musling-rigtig-20x13.jpeg 20w, http:\/\/jewelz.dk\/wp-content\/uploads\/2020\/09\/AdobeStock_328945435-musling-rigtig-290x193.jpeg 290w, http:\/\/jewelz.dk\/wp-content\/uploads\/2020\/09\/AdobeStock_328945435-musling-rigtig-1710x1140.jpeg 1710w, http:\/\/jewelz.dk\/wp-content\/uploads\/2020\/09\/AdobeStock_328945435-musling-rigtig-600x400.jpeg 600w\" sizes=\"(max-width: 2560px) 100vw, 2560px\" \/>[\/vc_column_text][\/vc_column_inner][\/vc_row_inner][\/vc_column][\/vc_row][vc_row css=&#8221;.vc_custom_1582198694605{margin-bottom: 50px !important;}&#8221; el_class=&#8221;align-justify&#8221;][vc_column width=&#8221;2\/3&#8243;][vc_column_text]\n<h2><span style=\"font-weight: 500;\">Elegance, sk\u00f8nhed &amp;\u00a0 kvalitet<\/span><\/h2>\n[\/vc_column_text][vc_empty_space height=&#8221;26px&#8221;][vc_column_text]Vi har udvalgt de bedste smykker, der giver et personligt og sofistikeret udtryk som f\u00f8lger tidens trends.<\/p>\n<p>Passionen er godt h\u00e5ndv\u00e6rk og design med materialer i guld, s\u00f8lv, \u00e6delstene, perler og diamanter.<\/p>\n<p>Alle vores smykker er i \u00e6gte s\u00f8lv eller guld og er underlagt Dansk \u00e6delmetal kontrol. De er naturligvis stemplet med b\u00e5de et navne og et holdighedstempel der er din garanti for \u00e6gthed.<\/p>\n<p>Vi samarbejder med anderkendte Danske og internationale guldsmede, producenter og grossister.<\/p>\n<p>Vores basic diamantserie er Dansk produceret med konfliktfrie diamanter og der f\u00f8lger et diamant certifikat med som bevis p\u00e5 diamantens carat\/st\u00f8rrelse, farve, klarhed og \u00e6gthed.[\/vc_column_text][\/vc_column][vc_column width=&#8221;1\/4&#8243;][vc_column_text]\n<h5><img loading=\"lazy\" class=\"alignnone wp-image-314 lazyload\" src=\"data:image\/gif;base64,R0lGODlhAQABAAAAACH5BAEKAAEALAAAAAABAAEAAAICTAEAOw==\" data-src=\"http:\/\/157.230.24.196\/wp-content\/uploads\/2020\/02\/ic1.png\" alt=\"\" width=\"16\" height=\"14\" \/>\u00a0 \u00a0 Kontakt oplysninger<\/h5>\n[\/vc_column_text][vc_empty_space height=&#8221;6px&#8221;][vc_column_text]\n<pre><span style=\"font-size: 14px;\">Jewelz aps\n<\/span><span style=\"font-size: 14px;\">Vangeleddet 69\n<\/span><span style=\"font-size: 14px;\">2670 Greve<\/span><\/pre>\n[\/vc_column_text][vc_empty_space height=&#8221;10px&#8221;][vc_column_text]<span style=\"font-size: 14px;\">Telefon nummer: +4540797959<\/span><br \/>\n<span style=\"font-size: 14px;\">Email: mail@jewelz.dk<\/span>[\/vc_column_text][vc_empty_space height=&#8221;30px&#8221;][\/vc_column][\/vc_row][vc_row][vc_column]\t<div id=\"thb-image-69e9f6359ac24\" class=\"caption-style1  aligncenter   thb_image_link wp-caption \">\n\t\t\t<div class=\"thb-image-inner size_100\">\n\t\t\t<img width=\"1170\" height=\"1\" src=\"data:image\/gif;base64,R0lGODlhAQABAAAAACH5BAEKAAEALAAAAAABAAEAAAICTAEAOw==\" class=\"thb_image    attachment-full thb-lazyload lazyload\" alt=\"\" loading=\"lazy\" sizes=\"(max-width: 1170px) 100vw, 1170px\" data-src=\"http:\/\/jewelz.dk\/wp-content\/uploads\/2020\/02\/sep.png\" data-sizes=\"auto\" data-srcset=\"http:\/\/jewelz.dk\/wp-content\/uploads\/2020\/02\/sep.png 1170w, http:\/\/jewelz.dk\/wp-content\/uploads\/2020\/02\/sep-300x1.png 300w, http:\/\/jewelz.dk\/wp-content\/uploads\/2020\/02\/sep-100x1.png 100w, http:\/\/jewelz.dk\/wp-content\/uploads\/2020\/02\/sep-600x1.png 600w, http:\/\/jewelz.dk\/wp-content\/uploads\/2020\/02\/sep-1024x1.png 1024w, http:\/\/jewelz.dk\/wp-content\/uploads\/2020\/02\/sep-150x1.png 150w, http:\/\/jewelz.dk\/wp-content\/uploads\/2020\/02\/sep-768x1.png 768w, http:\/\/jewelz.dk\/wp-content\/uploads\/2020\/02\/sep-180x1.png 180w, http:\/\/jewelz.dk\/wp-content\/uploads\/2020\/02\/sep-370x1.png 370w, http:\/\/jewelz.dk\/wp-content\/uploads\/2020\/02\/sep-400x1.png 400w, http:\/\/jewelz.dk\/wp-content\/uploads\/2020\/02\/sep-855x1.png 855w, http:\/\/jewelz.dk\/wp-content\/uploads\/2020\/02\/sep-20x1.png 20w, http:\/\/jewelz.dk\/wp-content\/uploads\/2020\/02\/sep-290x1.png 290w, http:\/\/jewelz.dk\/wp-content\/uploads\/2020\/02\/sep-740x1.png 740w, http:\/\/jewelz.dk\/wp-content\/uploads\/2020\/02\/sep-800x1.png 800w\" \/>\t\t\t\t\t<\/div>\n\t\t\t\t\t<\/div>\n  [vc_empty_space height=&#8221;40px&#8221;][\/vc_column][\/vc_row][vc_row css=&#8221;.vc_custom_1582198323774{margin-bottom: 70px !important;}&#8221;][vc_column width=&#8221;7\/12&#8243;]\t<div id=\"thb-image-69e9f6359b30b\" class=\"caption-style1  alignright   thb_image_link wp-caption \">\n\t\t\t<div class=\"thb-image-inner size_100\">\n\t\t\t\t\t\t\t\t<\/div>\n\t\t\t\t\t<\/div>\n  [\/vc_column][\/vc_row][vc_row thb_full_width=&#8221;true&#8221; thb_row_padding=&#8221;true&#8221; thb_column_padding=&#8221;true&#8221; css=&#8221;.vc_custom_1582289057737{margin-bottom: 50px !important;padding-top: 60px !important;padding-bottom: 60px !important;background-color: #f5f2ed !important;}&#8221;][vc_column][vc_row_inner el_class=&#8221;align-center&#8221;][vc_column_inner offset=&#8221;vc_col-lg-6 vc_col-md-9&#8243;][vc_column_text el_class=&#8221;text-center&#8221;]\n<h2>En posetiv drivkraft<\/h2>\n<p>Vi har det godt n\u00e5r vi kl\u00e6der os i flot t\u00f8j og funklende l\u00e6kre smykker.[\/vc_column_text][vc_empty_space][\/vc_column_inner][\/vc_row_inner][vc_row_inner][vc_column_inner width=&#8221;1\/4&#8243;][vc_column_text el_class=&#8221;text-center&#8221; css=&#8221;.vc_custom_1601024912470{padding-top: 20px !important;padding-right: 20px !important;padding-bottom: 30px !important;padding-left: 20px !important;background-color: #ffffff !important;}&#8221;]<img loading=\"lazy\" class=\"alignnone wp-image-264 size-full lazyload\" src=\"data:image\/gif;base64,R0lGODlhAQABAAAAACH5BAEKAAEALAAAAAABAAEAAAICTAEAOw==\" data-src=\"http:\/\/157.230.24.196\/wp-content\/uploads\/2020\/02\/a3.jpg\" alt=\"\" width=\"250\" height=\"210\" data-sizes=\"auto\" data-srcset=\"http:\/\/jewelz.dk\/wp-content\/uploads\/2020\/02\/a3.jpg 250w, http:\/\/jewelz.dk\/wp-content\/uploads\/2020\/02\/a3-20x17.jpg 20w\" sizes=\"(max-width: 250px) 100vw, 250px\" \/><\/p>\n<h5><span style=\"font-size: 16px;\">Passion<\/span><\/h5>\n<p><span style=\"font-size: 14px;\">Igennem \u00e5rende har jeg l\u00e6rt at det der er\u00a0 vigtigt ved et smykke, er kvinden der b\u00e6rer det.<\/span>[\/vc_column_text][\/vc_column_inner][vc_column_inner width=&#8221;1\/4&#8243;][vc_column_text el_class=&#8221;text-center&#8221; css=&#8221;.vc_custom_1601030217166{padding-top: 20px !important;padding-right: 20px !important;padding-bottom: 30px !important;padding-left: 20px !important;background-color: #ffffff !important;}&#8221;]<img loading=\"lazy\" class=\"alignnone wp-image-265 size-full lazyload\" src=\"data:image\/gif;base64,R0lGODlhAQABAAAAACH5BAEKAAEALAAAAAABAAEAAAICTAEAOw==\" data-src=\"http:\/\/157.230.24.196\/wp-content\/uploads\/2020\/02\/a4.jpg\" alt=\"\" width=\"250\" height=\"210\" data-sizes=\"auto\" data-srcset=\"http:\/\/jewelz.dk\/wp-content\/uploads\/2020\/02\/a4.jpg 250w, http:\/\/jewelz.dk\/wp-content\/uploads\/2020\/02\/a4-20x17.jpg 20w\" sizes=\"(max-width: 250px) 100vw, 250px\" \/><\/p>\n<h5><span style=\"font-size: 16px;\">Erfaring<\/span><\/h5>\n<p><span style=\"font-size: 14px;\">Jewelz startede som en smykkeforretning placeret p\u00e5 Fisketorvet shopping center i K\u00f8benhavn.\u00a0 Sortimentet var et s\u00e6rligt udvalg af smykker og ure fra over 200 anderkendte Danske og internationale m\u00e6rker med speciale i vielsesringe og diamantsmykker.<\/span><\/p>\n<p><span style=\"font-size: 14px;\">Grundl\u00e6ggerne af Jewelz\u00a0 er brancheuddannet og har over 20 \u00e5rs erfaring med at drive virksomhed inden for guldsmede branchen.\u00a0 Med respekt for faget tilbyder vi dragende smykker der fascinere og b\u00e6res med lethed.<\/span><\/p>\n<p><span style=\"font-size: 14px;\">\u00a0<\/span>[\/vc_column_text][\/vc_column_inner][vc_column_inner width=&#8221;1\/4&#8243;][vc_column_text el_class=&#8221;text-center&#8221; css=&#8221;.vc_custom_1601030020397{padding-top: 20px !important;padding-right: 20px !important;padding-bottom: 30px !important;padding-left: 20px !important;background-color: #ffffff !important;}&#8221;]<img loading=\"lazy\" class=\"alignnone wp-image-266 size-full lazyload\" src=\"data:image\/gif;base64,R0lGODlhAQABAAAAACH5BAEKAAEALAAAAAABAAEAAAICTAEAOw==\" data-src=\"http:\/\/157.230.24.196\/wp-content\/uploads\/2020\/02\/a5.jpg\" alt=\"\" width=\"250\" height=\"210\" data-sizes=\"auto\" data-srcset=\"http:\/\/jewelz.dk\/wp-content\/uploads\/2020\/02\/a5.jpg 250w, http:\/\/jewelz.dk\/wp-content\/uploads\/2020\/02\/a5-20x17.jpg 20w\" sizes=\"(max-width: 250px) 100vw, 250px\" \/><\/p>\n<h5><span style=\"font-size: 16px;\">Glade Kunder<\/span><\/h5>\n<p><span style=\"font-size: 14px;\">Din oplevelse og gl\u00e6de er vores f\u00f8rste prioritet derfor har vi s\u00e6rligt udvalgt det bedste sortiment til gode priser s\u00e5 du altid er sikret en god handel og service.\u00a0<\/span>[\/vc_column_text][\/vc_column_inner][vc_column_inner width=&#8221;1\/4&#8243;][vc_column_text el_class=&#8221;text-center&#8221; css=&#8221;.vc_custom_1601030975525{padding-top: 20px !important;padding-right: 20px !important;padding-bottom: 30px !important;padding-left: 20px !important;background-color: #ffffff !important;}&#8221;]<img loading=\"lazy\" class=\"alignnone wp-image-267 size-full lazyload\" src=\"data:image\/gif;base64,R0lGODlhAQABAAAAACH5BAEKAAEALAAAAAABAAEAAAICTAEAOw==\" data-src=\"http:\/\/157.230.24.196\/wp-content\/uploads\/2020\/02\/a6.jpg\" alt=\"\" width=\"250\" height=\"210\" \/><\/p>\n<h5><span style=\"font-size: 16px;\">Vision &amp; Mission<\/span><\/h5>\n<p><span style=\"font-size: 14px;\">\u00a0&#8220;WE MAKE PEOPLE HAPPY&#8221; <\/span><\/p>\n<p><span style=\"font-size: 14px;\">Ved at inspirere &amp; tilbyde sofistikeret smykker der vil sprede gl\u00e6de gennem livet.<\/span>[\/vc_column_text][\/vc_column_inner][\/vc_row_inner][vc_empty_space height=&#8221;20px&#8221;][\/vc_column][\/vc_row]\n","protected":false},"excerpt":{"rendered":"<p>[vc_row thb_full_width=&#8221;true&#8221; thb_row_padding=&#8221;true&#8221; thb_column_padding=&#8221;true&#8221; css=&#8221;.vc_custom_1582198247050{margin-bottom: 50px !important;}&#8221;][vc_column][vc_empty_space height=&#8221;30px&#8221;][vc_row_inner css=&#8221;.vc_custom_1582024949496{padding-top: 250px !important;padding-bottom: 30px !important;background-image: url(http:\/\/157.230.24.196\/wp-content\/uploads\/2020\/02\/a1.jpg?id=262) !important;background-position: center !important;background-repeat: no-repeat !important;background-size: cover !important;}&#8221;][vc_column_inner thb_color=&#8221;thb-light-column&#8221;][vc_column_text] Om Jewelz [\/vc_column_text][\/vc_column_inner][\/vc_row_inner][\/vc_column][\/vc_row][vc_row css=&#8221;.vc_custom_1582198694605{margin-bottom: 50px !important;}&#8221; el_class=&#8221;align-justify&#8221;][vc_column width=&#8221;2\/3&#8243;][vc_column_text] Elegance, sk\u00f8nhed &amp;\u00a0 kvalitet [\/vc_column_text][vc_empty_space height=&#8221;26px&#8221;][vc_column_text]Vi har udvalgt de bedste smykker, der giver et personligt og sofistikeret udtryk som f\u00f8lger tidens trends. Passionen er godt&hellip;<\/p>\n","protected":false},"author":1,"featured_media":0,"parent":0,"menu_order":0,"comment_status":"closed","ping_status":"closed","template":"page-default.php","meta":[],"_links":{"self":[{"href":"http:\/\/jewelz.dk\/index.php?rest_route=\/wp\/v2\/pages\/48"}],"collection":[{"href":"http:\/\/jewelz.dk\/index.php?rest_route=\/wp\/v2\/pages"}],"about":[{"href":"http:\/\/jewelz.dk\/index.php?rest_route=\/wp\/v2\/types\/page"}],"author":[{"embeddable":true,"href":"http:\/\/jewelz.dk\/index.php?rest_route=\/wp\/v2\/users\/1"}],"replies":[{"embeddable":true,"href":"http:\/\/jewelz.dk\/index.php?rest_route=%2Fwp%2Fv2%2Fcomments&post=48"}],"version-history":[{"count":20,"href":"http:\/\/jewelz.dk\/index.php?rest_route=\/wp\/v2\/pages\/48\/revisions"}],"predecessor-version":[{"id":3137,"href":"http:\/\/jewelz.dk\/index.php?rest_route=\/wp\/v2\/pages\/48\/revisions\/3137"}],"wp:attachment":[{"href":"http:\/\/jewelz.dk\/index.php?rest_route=%2Fwp%2Fv2%2Fmedia&parent=48"}],"curies":[{"name":"wp","href":"https:\/\/api.w.org\/{rel}","templated":true}]}}