{"id":2291,"date":"2020-10-06T12:39:49","date_gmt":"2020-10-06T10:39:49","guid":{"rendered":"http:\/\/157.230.24.196\/?page_id=2291"},"modified":"2020-10-06T12:43:45","modified_gmt":"2020-10-06T10:43:45","slug":"stoerrelsesguide","status":"publish","type":"page","link":"http:\/\/jewelz.dk\/?page_id=2291","title":{"rendered":"St\u00f8rrelsesguide"},"content":{"rendered":"<div class=\"page-title\">\n<h1>S\u00e5dan finder du din ringst\u00f8rrelse<\/h1>\n<p><img src=\"data:image\/gif;base64,R0lGODlhAQABAAAAACH5BAEKAAEALAAAAAABAAEAAAICTAEAOw==\" data-src=\"https:\/\/drupaller-prod.imgix.net\/femina\/s3fs-public\/media\/article\/1542_ringstoerrelse.jpg?ixlib=imgixjs-3.4.0\" class=\"lazyload\" \/><\/p>\n<\/div>\n<div class=\"std\">\n<p>N\u00e5r du skal v\u00e6lge en ring, er det meget nyttigt at vide, hvilken st\u00f8rrelse der passer. Derfor har vi lavet en lille guide med forskellige m\u00e5der til selv at finde din ringst\u00f8rrelse.<\/p>\n<p>&nbsp;<\/p>\n<p>Det er vigtigt at din finger har nogenlunde normal temperatur, n\u00e5r du m\u00e5ler st\u00f8rrelsen. Hvis din finger er for varm, vil den v\u00e6re h\u00e6vet, og omvendt vil en for kold finger sandsynligvis resultere i en st\u00f8rrelse der er for lav. Det er derudover en god ide at efterpr\u00f8ve din m\u00e5ling ved at m\u00e5le p\u00e5 mere end\u00a0\u00e9n m\u00e5de. Det er ogs\u00e5 vigtigt at vide hvilken finger ringen skal sidde p\u00e5, hvis st\u00f8rrelsen skal m\u00e5les helt perfekt. Der kan f.eks. v\u00e6re forskel p\u00e5 omkredsen af fingrene p\u00e5 din venstre h\u00e5nd og h\u00f8jre h\u00e5nd.<\/p>\n<p>&nbsp;<\/p>\n<p>M\u00e5lene er kun vejledende, da der kan v\u00e6re stor forskel p\u00e5 bredden og formen af forskellige ringe. Nedenst\u00e5ende m\u00e5l passer bedst efter en almindelig ring med en bredde p\u00e5 omkring 3 mm. Med en meget smal ring er det ofte n\u00f8dvendigt at g\u00e5 en st\u00f8rrelse ned, og omvendt kan en meget bred ring kr\u00e6ve en st\u00f8rre ringst\u00f8rrelse.<\/p>\n<p>&nbsp;<\/p>\n<h2><strong>M\u00e5ling af st\u00f8rrelse uden ring<\/strong><\/h2>\n<p>&nbsp;<\/p>\n<p>Hvis du ikke har en ring der i forvejen passer, kan du m\u00e5le efter st\u00f8rrelsen p\u00e5 din finger. Den nemmeste m\u00e5de er med en professionel ringm\u00e5ler. Du kan bestille en gratis ring m\u00e5ler her hvor du kun betaler fragten.<\/p>\n<p>&nbsp;<\/p>\n<p>En anden m\u00e5de du selv kan benytte er at m\u00e5le st\u00f8rrelsen ved hj\u00e6lp af tynd snor eller sytr\u00e5d. Snoren vikles et par gange rundt om fingeren. Det er vigtigt, at snoren hverken er for l\u00f8s eller stram, og det skal selvf\u00f8lgelig v\u00e6re p\u00e5 den rigtige finger. Herefter tegner du en lige streg henover snorene. Stregen skal tegnes helt lige og langs fingeren.<\/p>\n<p>&nbsp;<\/p>\n<p>Snoren tages af og du kan nu m\u00e5le afstanden mellem stregerne med en lineal. I Danmark angives ringst\u00f8rrelse efter omkredsen p\u00e5 fingeren i millimeter. Hvis du f\u00e5r m\u00e5lt afstanden mellem stregerne til 56 mm. er din ringst\u00f8rrelse derfor 56.<\/p>\n<p>&nbsp;<\/p>\n<table border=\"0\" cellpadding=\"10\">\n<tbody>\n<tr>\n<td><img loading=\"lazy\" title=\"Snoren vikles om fingeren\" src=\"data:image\/gif;base64,R0lGODlhAQABAAAAACH5BAEKAAEALAAAAAABAAEAAAICTAEAOw==\" data-src=\"https:\/\/www.henrikorsnes.dk\/media\/wysiwyg\/snor_om_finger.png\" alt=\"Snoren vikles om fingeren\" width=\"300\" height=\"150\" class=\"lazyload\" \/><\/td>\n<td><img loading=\"lazy\" title=\"Tegn streg henover snoren\" src=\"data:image\/gif;base64,R0lGODlhAQABAAAAACH5BAEKAAEALAAAAAABAAEAAAICTAEAOw==\" data-src=\"https:\/\/www.henrikorsnes.dk\/media\/wysiwyg\/snor_med_streg.png\" alt=\"Tegn streg henover snoren\" width=\"300\" height=\"150\" class=\"lazyload\" \/><\/td>\n<td><img loading=\"lazy\" title=\"M\u00e5l afstanden\" src=\"data:image\/gif;base64,R0lGODlhAQABAAAAACH5BAEKAAEALAAAAAABAAEAAAICTAEAOw==\" data-src=\"https:\/\/www.henrikorsnes.dk\/media\/wysiwyg\/maal_afstand_1.png\" alt=\"M\u00e5l afstanden\" width=\"300\" height=\"150\" class=\"lazyload\" \/><\/td>\n<\/tr>\n<\/tbody>\n<\/table>\n<p>&nbsp;<\/p>\n<p>&nbsp;<\/p>\n<h2><strong>M\u00e5ling af st\u00f8rrelse med ring<\/strong><\/h2>\n<p>&nbsp;<\/p>\n<p>Hvis du allerede har en ring, der passer din finger, kan du m\u00e5le den for at finde den rette st\u00f8rrelse. Den nemmeste m\u00e5de er at m\u00e5le ringens indvendige diameter i millimeter og derefter omregne diameteren til omkredsen. Se omregningstabellen l\u00e6ngere nede. Diameteren kan nemt m\u00e5les med enten lineal eller en skydel\u00e6re.<\/p>\n<p>&nbsp;<\/p>\n<table border=\"0\" cellpadding=\"5\">\n<tbody>\n<tr>\n<td align=\"left\"><img loading=\"lazy\" title=\"M\u00e5l med skydel\u00e6re\" src=\"data:image\/gif;base64,R0lGODlhAQABAAAAACH5BAEKAAEALAAAAAABAAEAAAICTAEAOw==\" data-src=\"https:\/\/www.henrikorsnes.dk\/media\/wysiwyg\/skydelaere.png\" alt=\"M\u00e5l med skydel\u00e6re\" width=\"450\" height=\"225\" class=\"lazyload\" \/><\/td>\n<td align=\"center\">\n<h2>Omregningstabel til ringst\u00f8rrelser<\/h2>\n<p>&nbsp;<\/p>\n<table border=\"0\">\n<tbody>\n<tr>\n<td align=\"center\"><strong>Str.<\/strong><\/td>\n<td align=\"center\"><strong>mm.<\/strong><\/td>\n<td align=\"center\"><strong>Str.<\/strong><\/td>\n<td align=\"center\"><strong>mm.<\/strong><\/td>\n<td align=\"center\"><strong>Str.<\/strong><\/td>\n<td align=\"center\"><strong>mm.<\/strong><\/td>\n<\/tr>\n<tr>\n<td align=\"center\"><strong>48<\/strong><\/td>\n<td align=\"center\">15,2<\/td>\n<td align=\"center\"><strong>56<\/strong><\/td>\n<td align=\"center\">17,8<\/td>\n<td align=\"center\"><strong>64<\/strong><\/td>\n<td align=\"center\">20,3<\/td>\n<\/tr>\n<tr>\n<td align=\"center\"><strong>49<\/strong><\/td>\n<td align=\"center\">15,6<\/td>\n<td align=\"center\"><strong>57<\/strong><\/td>\n<td align=\"center\">18,1<\/td>\n<td align=\"center\"><strong>65\u00a0<\/strong><\/td>\n<td align=\"center\">20,7<\/td>\n<\/tr>\n<tr>\n<td align=\"center\"><strong>50<\/strong><\/td>\n<td align=\"center\">15,9<\/td>\n<td align=\"center\"><strong>58<\/strong><\/td>\n<td align=\"center\">18,4<\/td>\n<td align=\"center\"><strong>66\u00a0<\/strong><\/td>\n<td align=\"center\">21,0<\/td>\n<\/tr>\n<tr>\n<td align=\"center\"><strong>51<\/strong><\/td>\n<td align=\"center\">16,2<\/td>\n<td align=\"center\"><strong>59<\/strong><\/td>\n<td align=\"center\">18,7<\/td>\n<td align=\"center\"><strong>67\u00a0<\/strong><\/td>\n<td align=\"center\">21,3<\/td>\n<\/tr>\n<tr>\n<td align=\"center\"><strong>52<\/strong><\/td>\n<td align=\"center\">16,5<\/td>\n<td align=\"center\"><strong>60<\/strong><\/td>\n<td align=\"center\">19,1<\/td>\n<td align=\"center\"><strong>68\u00a0<\/strong><\/td>\n<td align=\"center\">21,6<\/td>\n<\/tr>\n<tr>\n<td align=\"center\"><strong>53<\/strong><\/td>\n<td align=\"center\">16,8<\/td>\n<td align=\"center\"><strong>61<\/strong><\/td>\n<td align=\"center\">19,4<\/td>\n<td align=\"center\"><strong>69\u00a0<\/strong><\/td>\n<td align=\"center\">21,9<\/td>\n<\/tr>\n<tr>\n<td align=\"center\"><strong>54<\/strong><\/td>\n<td align=\"center\">17,2<\/td>\n<td align=\"center\"><strong>62\u00a0<\/strong><\/td>\n<td align=\"center\">19,7<\/td>\n<td align=\"center\"><strong>70\u00a0<\/strong><\/td>\n<td align=\"center\">22,2<\/td>\n<\/tr>\n<tr>\n<td align=\"center\"><strong>55<\/strong><\/td>\n<td align=\"center\">17,5<\/td>\n<td align=\"center\"><strong>63<\/strong><\/td>\n<td align=\"center\">20,0<\/td>\n<td align=\"center\"><strong>71\u00a0<\/strong><\/td>\n<td align=\"center\">22,5<\/td>\n<\/tr>\n<\/tbody>\n<\/table>\n<p>&nbsp;<\/td>\n<\/tr>\n<\/tbody>\n<\/table>\n<p>&nbsp;<\/p>\n<h2><strong>Med papir og lineal<\/strong><\/h2>\n<p>&nbsp;<\/p>\n<p>En anden m\u00e5de er at rulle et lille stykke papir, s\u00e5 det netop passer inde i ringen. Rul papiret sammen og s\u00e6t ringen udenp\u00e5. Herefter klipper du et hak et sted hvor papiret overlapper. S\u00e5 kan du rulle papiret ud igen og m\u00e5le afstanden mellem hakkene med en lineal. Din ringst\u00f8rrelse er lig afstanden mellem hakkene i millimeter.<\/p>\n<p>&nbsp;<\/p>\n<table border=\"0\" cellpadding=\"10\">\n<tbody>\n<tr>\n<td><img loading=\"lazy\" title=\"Pap rulles ind i ring\" src=\"data:image\/gif;base64,R0lGODlhAQABAAAAACH5BAEKAAEALAAAAAABAAEAAAICTAEAOw==\" data-src=\"https:\/\/www.henrikorsnes.dk\/media\/wysiwyg\/papiring.png\" alt=\"Pap rulles ind i ring\" width=\"300\" height=\"150\" class=\"lazyload\" \/><\/td>\n<td><img loading=\"lazy\" title=\"Klip i overlappet\" src=\"data:image\/gif;base64,R0lGODlhAQABAAAAACH5BAEKAAEALAAAAAABAAEAAAICTAEAOw==\" data-src=\"https:\/\/www.henrikorsnes.dk\/media\/wysiwyg\/klip.png\" alt=\"Klip i overlappet\" width=\"300\" height=\"150\" class=\"lazyload\" \/><\/td>\n<td><img loading=\"lazy\" title=\"M\u00e5l afstanden\" src=\"data:image\/gif;base64,R0lGODlhAQABAAAAACH5BAEKAAEALAAAAAABAAEAAAICTAEAOw==\" data-src=\"https:\/\/www.henrikorsnes.dk\/media\/wysiwyg\/maal.png\" alt=\"M\u00e5l afstanden\" width=\"300\" height=\"150\" class=\"lazyload\" \/><\/td>\n<\/tr>\n<\/tbody>\n<\/table>\n<\/div>\n","protected":false},"excerpt":{"rendered":"<p>S\u00e5dan finder du din ringst\u00f8rrelse N\u00e5r du skal v\u00e6lge en ring, er det meget nyttigt at vide, hvilken st\u00f8rrelse der passer. Derfor har vi lavet en lille guide med forskellige m\u00e5der til selv at finde din ringst\u00f8rrelse. &nbsp; Det er vigtigt at din finger har nogenlunde normal temperatur, n\u00e5r du m\u00e5ler st\u00f8rrelsen. Hvis din finger&hellip;<\/p>\n","protected":false},"author":2,"featured_media":0,"parent":0,"menu_order":0,"comment_status":"closed","ping_status":"closed","template":"","meta":[],"_links":{"self":[{"href":"http:\/\/jewelz.dk\/index.php?rest_route=\/wp\/v2\/pages\/2291"}],"collection":[{"href":"http:\/\/jewelz.dk\/index.php?rest_route=\/wp\/v2\/pages"}],"about":[{"href":"http:\/\/jewelz.dk\/index.php?rest_route=\/wp\/v2\/types\/page"}],"author":[{"embeddable":true,"href":"http:\/\/jewelz.dk\/index.php?rest_route=\/wp\/v2\/users\/2"}],"replies":[{"embeddable":true,"href":"http:\/\/jewelz.dk\/index.php?rest_route=%2Fwp%2Fv2%2Fcomments&post=2291"}],"version-history":[{"count":3,"href":"http:\/\/jewelz.dk\/index.php?rest_route=\/wp\/v2\/pages\/2291\/revisions"}],"predecessor-version":[{"id":2293,"href":"http:\/\/jewelz.dk\/index.php?rest_route=\/wp\/v2\/pages\/2291\/revisions\/2293"}],"wp:attachment":[{"href":"http:\/\/jewelz.dk\/index.php?rest_route=%2Fwp%2Fv2%2Fmedia&parent=2291"}],"curies":[{"name":"wp","href":"https:\/\/api.w.org\/{rel}","templated":true}]}}