{"id":1416,"date":"2020-10-01T10:12:40","date_gmt":"2020-10-01T08:12:40","guid":{"rendered":"http:\/\/157.230.24.196\/?page_id=1416"},"modified":"2020-10-01T10:12:40","modified_gmt":"2020-10-01T08:12:40","slug":"privat-politik","status":"publish","type":"page","link":"http:\/\/jewelz.dk\/?page_id=1416","title":{"rendered":"Privat politik"},"content":{"rendered":"<h1 style=\"font-weight: 100;\">Persondatapolitik<\/h1>\n<p><span style=\"font-weight: 400;\">Ved at benytte denne hjemmeside www.jewelz.dk accepterer du, at jewelz ApS behandler dine personoplysninger i henhold til denne datapolitik.<\/span><br style=\"font-weight: 400;\" \/><span style=\"font-weight: 400;\">Jewelz ApS respekterer fuldt ud alle \u00f8nsker om hemmeligholdelse af personlige oplysninger, som afgives online, og vi er opm\u00e6rksomme p\u00e5 behovet for hensigtsm\u00e6ssig beskyttelse og forsvarlig behandling af alle personlige oplysninger, som vi modtager.<\/span><br style=\"font-weight: 400;\" \/><br style=\"font-weight: 400;\" \/><span style=\"font-weight: 400;\">Hvis du ikke kan acceptere datapolitikken, bedes du undlade at benytte denne hjemmeside.<\/span><br style=\"font-weight: 400;\" \/><span style=\"font-weight: 400;\">\u00a0<\/span><\/p>\n<h2 style=\"font-weight: 400;\">Personoplysninger<\/h2>\n<p><span style=\"font-weight: 400;\">Personlige oplysninger d\u00e6kker alle oplysninger, der kan bruges til at identificere en person, herunder, men ikke begr\u00e6nset til, vedkommendes for- og efternavn, alder, k\u00f8n, privat adresse eller anden fysisk adresse, e-mailadresse eller andre kontakt oplysninger, uanset om de vedr\u00f8rer vedkommendes private bop\u00e6l eller arbejdsplads.<\/span><br style=\"font-weight: 400;\" \/><span style=\"font-weight: 400;\">\u00a0<\/span><\/p>\n<h2 style=\"font-weight: 400;\">Hvilke personoplysninger indsamler og behandler vi?<\/h2>\n<p><span style=\"font-weight: 400;\">Som hovedregel kan du tilg\u00e5 hjemmesiden uden at fort\u00e6lle os, hvem du er, eller i \u00f8vrigt give personlige oplysninger om dig selv.<\/span><br style=\"font-weight: 400;\" \/><br style=\"font-weight: 400;\" \/><span style=\"font-weight: 400;\">Jewelz ApS har dog brug for visse personoplysninger for at kunne besvare henvendelser og levere nyheder og andre tjenester til dig.<\/span><br style=\"font-weight: 400;\" \/><span style=\"font-weight: 400;\">\u00a0<\/span><\/p>\n<h2 style=\"font-weight: 400;\">Jewelz ApS indsamler og behandler oplysninger om dig, n\u00e5r du:<\/h2>\n<ul style=\"font-weight: 400;\">\n<li>tilmelder dig nyhedsbrev<\/li>\n<li>sender en foresp\u00f8rgsel, klage eller giver os feedback; eller<\/li>\n<li>i \u00f8vrigt giver personoplysninger til os via hjemmesiden eller p\u00e5 anden m\u00e5de.<\/li>\n<\/ul>\n<p><span style=\"font-weight: 400;\">Jewelz ApS indsamler kun de personoplysninger, der er n\u00f8dvendige (f.eks. e-mailadresse og navn) for at levere den ydelse, som du eftersp\u00f8rger.<\/span><br style=\"font-weight: 400;\" \/><br style=\"font-weight: 400;\" \/><span style=\"font-weight: 400;\">Registrering af personoplysninger og personhenf\u00f8rbare oplysninger er n\u00f8dvendig for at kunne analysere, hvordan brugerne anvender Jewelz ApS hjemmesider via Google Analytics.<\/span><br style=\"font-weight: 400;\" \/><span style=\"font-weight: 400;\">\u00a0<\/span><\/p>\n<h2 style=\"font-weight: 400;\">Hvem videregiver vi personoplysninger til?<\/h2>\n<ul style=\"font-weight: 400;\">\n<li>Personoplysninger afgivet p\u00e5 www.jewelz.dk videregives kun til:<\/li>\n<li>Jewelz ApS interne afdelinger;<\/li>\n<li>udvalgte og betroede tredjem\u00e6nd, der kan benytte dine personoplysninger med henblik p\u00e5 at levere serviceydelser, som du har bestilt;<\/li>\n<\/ul>\n<p><span style=\"font-weight: 400;\">Jewelz ApS videregiver i \u00f8vrigt kun personoplysninger til andre, fx misbrugsregistre i henhold til g\u00e6ldende lov, hvis den p\u00e5g\u00e6ldende kunde ud\u00f8ver misbrug eller svindel over for Jewelz ApS.<\/span><br style=\"font-weight: 400;\" \/><br style=\"font-weight: 400;\" \/><span style=\"font-weight: 400;\">For at kunne videreudvikle og forbedre Jewelz ApS hjemmesider f\u00f8rer vi statistik over, hvordan brugerne anvender siderne. Statistikken anvendes udelukkende i opsummeret form, f.eks. til at se hvilke sider og browsere vores bes\u00f8gende anvender mest.<\/span><br style=\"font-weight: 400;\" \/><br style=\"font-weight: 400;\" \/><span style=\"font-weight: 400;\">Jewelz ApS anvender Google Analytics til indsamling af bes\u00f8gsstatistik og videregiver i den forbindelse IP-adresser til Google Analytics. Google kan videregive informationerne til tredjepart, hvor loven kr\u00e6ver dette, eller til tredjepart, som udf\u00f8rer opgaver for dem. Privatlivsvilk\u00e5rene for Google Analytics accepteres ved bes\u00f8g p\u00e5 www.tigermedia.dk og fremg\u00e5r af http:\/\/www.google.com\/privacy.html<\/span><br style=\"font-weight: 400;\" \/><br style=\"font-weight: 400;\" \/><span style=\"font-weight: 400;\">Bortset fra i ovenst\u00e5ende tilf\u00e6lde, videregiver Jewelz ApS ikke data om den enkelte kundes anvendelse af tjenesterne p\u00e5 jewelz.dk<\/span><\/p>\n<p><br style=\"font-weight: 400;\" \/><span style=\"font-weight: 400;\">\u00a0<\/span><\/p>\n<h2 style=\"font-weight: 400;\">Hvor lagres dine personoplysninger?<\/h2>\n<p><span style=\"font-weight: 400;\">Personoplysningerne lagres p\u00e5 servere i Danmark. Nogle personoplysninger administreres af en tredjemand (databehandler), som opbevarer og behandler personoplysninger p\u00e5 Jewelz ApS vegne i henhold til denne datapolitik og den g\u00e6ldende lovgivning om beskyttelse af persondata.&#8217;<\/span><br style=\"font-weight: 400;\" \/><br style=\"font-weight: 400;\" \/><span style=\"font-weight: 400;\">Vi opbevarer kun personoplysningerne, s\u00e5 l\u00e6nge det er n\u00f8dvendigt i forhold til de oplyste form\u00e5l ovenfor.<\/span><br style=\"font-weight: 400;\" \/><span style=\"font-weight: 400;\">\u00a0<\/span><\/p>\n<h2 style=\"font-weight: 400;\">Adgang til oplysninger<\/h2>\n<p><span style=\"font-weight: 400;\">Du kan altid \u00e6ndre i dine kontooplysninger og interesseomr\u00e5der, herunder angive, om du \u00f8nsker, at vi skal kontakte dig i forbindelse med tilbud eller serviceydelser eller framelde dig nyhedsbreve.<\/span><br style=\"font-weight: 400;\" \/><br style=\"font-weight: 400;\" \/><span style=\"font-weight: 400;\">Du kan f\u00e5 oplyst, hvilke oplysninger vi har registreret om dig. Hvis du \u00f8nsker at modtage en kopi af disse oplysninger, skal du skrive til os p\u00e5 adressen mail@jewelz.dk<\/span><br style=\"font-weight: 400;\" \/><span style=\"font-weight: 400;\">\u00a0<\/span><\/p>\n<h2 style=\"font-weight: 400;\">Kontakt, \u00e6ndring og opdatering af persondatapolitikken<\/h2>\n<p><span style=\"font-weight: 400;\">Jewelz ApS forpligter sig til l\u00f8bende at opfylde lovgivningens krav til beskyttelse af privatlivets fred.<\/span><\/p>\n","protected":false},"excerpt":{"rendered":"<p>Persondatapolitik Ved at benytte denne hjemmeside www.jewelz.dk accepterer du, at jewelz ApS behandler dine personoplysninger i henhold til denne datapolitik.Jewelz ApS respekterer fuldt ud alle \u00f8nsker om hemmeligholdelse af personlige oplysninger, som afgives online, og vi er opm\u00e6rksomme p\u00e5 behovet for hensigtsm\u00e6ssig beskyttelse og forsvarlig behandling af alle personlige oplysninger, som vi modtager.Hvis du ikke&hellip;<\/p>\n","protected":false},"author":2,"featured_media":0,"parent":0,"menu_order":0,"comment_status":"closed","ping_status":"closed","template":"","meta":[],"_links":{"self":[{"href":"http:\/\/jewelz.dk\/index.php?rest_route=\/wp\/v2\/pages\/1416"}],"collection":[{"href":"http:\/\/jewelz.dk\/index.php?rest_route=\/wp\/v2\/pages"}],"about":[{"href":"http:\/\/jewelz.dk\/index.php?rest_route=\/wp\/v2\/types\/page"}],"author":[{"embeddable":true,"href":"http:\/\/jewelz.dk\/index.php?rest_route=\/wp\/v2\/users\/2"}],"replies":[{"embeddable":true,"href":"http:\/\/jewelz.dk\/index.php?rest_route=%2Fwp%2Fv2%2Fcomments&post=1416"}],"version-history":[{"count":1,"href":"http:\/\/jewelz.dk\/index.php?rest_route=\/wp\/v2\/pages\/1416\/revisions"}],"predecessor-version":[{"id":1417,"href":"http:\/\/jewelz.dk\/index.php?rest_route=\/wp\/v2\/pages\/1416\/revisions\/1417"}],"wp:attachment":[{"href":"http:\/\/jewelz.dk\/index.php?rest_route=%2Fwp%2Fv2%2Fmedia&parent=1416"}],"curies":[{"name":"wp","href":"https:\/\/api.w.org\/{rel}","templated":true}]}}