{"id":1026,"date":"2020-09-28T12:08:34","date_gmt":"2020-09-28T10:08:34","guid":{"rendered":"http:\/\/157.230.24.196\/?page_id=1026"},"modified":"2020-10-01T10:53:52","modified_gmt":"2020-10-01T08:53:52","slug":"retur","status":"publish","type":"page","link":"http:\/\/jewelz.dk\/?page_id=1026","title":{"rendered":"Retur"},"content":{"rendered":"<p><img loading=\"lazy\" src=\"data:image\/gif;base64,R0lGODlhAQABAAAAACH5BAEKAAEALAAAAAABAAEAAAICTAEAOw==\" data-src=\"https:\/\/pxl.host\/kfmcz8p9z5pmp76uwoq.png\" alt=\"\" width=\"0\" height=\"0\" class=\"lazyload\" \/><\/p>\n<table class=\"CmsPageStyle_Table\" border=\"0\" cellspacing=\"0\" cellpadding=\"0\">\n<tbody>\n<tr>\n<td class=\"CmsPageStyle\" valign=\"top\">\n<nav>\n<h1>RETURNERING AF VARER K\u00d8BT P\u00c5 JEWELZ.DK<\/h1>\n<p><img loading=\"lazy\" src=\"data:image\/gif;base64,R0lGODlhAQABAAAAACH5BAEKAAEALAAAAAABAAEAAAICTAEAOw==\" data-src=\"https:\/\/pxl.host\/kcxedvsh4vm01ugnhse.png\" alt=\"\" width=\"0\" height=\"0\" class=\"lazyload\" \/>Hos JEWELZ.dk, ser vi gerne at det vi leverer til vores kunder er 100% tilfredsstillende. Er det ikke det, s\u00e5 fortvivl ikke!<br \/>\nN\u00e5r du k\u00f8ber noget hos JEWELZ.dk, har du altid minimum 30 dage fra k\u00f8bsdato til at bytte eller levere tilbage.<\/p>\n<p>&nbsp;<\/p>\n<h2><strong>Jeg \u00f8nsker at returnere varen &#8211; hvordan g\u00f8r jeg?<\/strong><\/h2>\n<ol>\n<li>Send en mail til os p\u00e5: mail@jewelz.dk hvor du oplyser at du \u00f8nsker at returnere varen. vedh\u00e6ft en kopi af din faktura.<\/li>\n<li>Varen sendes til Jewelz aps, vangleddet 69, 2670 Greve<\/li>\n<li>Pak varerne forsvarligt ind og har varen specielle kasser, manualer og garantibeviser, SKAL disse sendes med i samme stand som de er modtaget<\/li>\n<li>Vedl\u00e6g en returseddel med vare nummer og pris<\/li>\n<\/ol>\n<p><strong>Husk at vi skal bruge:<\/strong><\/p>\n<ul>\n<li>Ordrenummer<\/li>\n<li>Fulde navn og adresse p\u00e5 k\u00f8ber<\/li>\n<li>Tlf.nr. og mail, vi kan kontakte dig p\u00e5<\/li>\n<li>Info om pengene skal tilbage p\u00e5 samme kort, som brugt ved k\u00f8b eller reg. nr. og kontonr., hvis pengene skal til anden konto.<\/li>\n<\/ul>\n<\/nav>\n<p><img loading=\"lazy\" src=\"data:image\/gif;base64,R0lGODlhAQABAAAAACH5BAEKAAEALAAAAAABAAEAAAICTAEAOw==\" data-src=\"https:\/\/pxl.host\/kfmddrasirxm8v8dql.png\" alt=\"\" width=\"0\" height=\"0\" class=\"lazyload\" \/><\/p>\n<p>Pakker sendt pr efterkrav, til pakkeboks eller posthuse accepteres IKKE<\/p>\n<p>Er du i tvivl, kontakt da venligst vores kundeservice\u00a0 p\u00e5 mail@jewelz eller p\u00e5 tlf. 28730520<\/p>\n<p>Med venlig hilsen<\/p>\n<p>Jewelz Teamet<\/td>\n<\/tr>\n<\/tbody>\n<\/table>\n","protected":false},"excerpt":{"rendered":"<p>RETURNERING AF VARER K\u00d8BT P\u00c5 JEWELZ.DK Hos JEWELZ.dk, ser vi gerne at det vi leverer til vores kunder er 100% tilfredsstillende. Er det ikke det, s\u00e5 fortvivl ikke! N\u00e5r du k\u00f8ber noget hos JEWELZ.dk, har du altid minimum 30 dage fra k\u00f8bsdato til at bytte eller levere tilbage. &nbsp; Jeg \u00f8nsker at returnere varen &#8211;&hellip;<\/p>\n","protected":false},"author":2,"featured_media":0,"parent":0,"menu_order":0,"comment_status":"closed","ping_status":"closed","template":"","meta":[],"_links":{"self":[{"href":"http:\/\/jewelz.dk\/index.php?rest_route=\/wp\/v2\/pages\/1026"}],"collection":[{"href":"http:\/\/jewelz.dk\/index.php?rest_route=\/wp\/v2\/pages"}],"about":[{"href":"http:\/\/jewelz.dk\/index.php?rest_route=\/wp\/v2\/types\/page"}],"author":[{"embeddable":true,"href":"http:\/\/jewelz.dk\/index.php?rest_route=\/wp\/v2\/users\/2"}],"replies":[{"embeddable":true,"href":"http:\/\/jewelz.dk\/index.php?rest_route=%2Fwp%2Fv2%2Fcomments&post=1026"}],"version-history":[{"count":4,"href":"http:\/\/jewelz.dk\/index.php?rest_route=\/wp\/v2\/pages\/1026\/revisions"}],"predecessor-version":[{"id":1429,"href":"http:\/\/jewelz.dk\/index.php?rest_route=\/wp\/v2\/pages\/1026\/revisions\/1429"}],"wp:attachment":[{"href":"http:\/\/jewelz.dk\/index.php?rest_route=%2Fwp%2Fv2%2Fmedia&parent=1026"}],"curies":[{"name":"wp","href":"https:\/\/api.w.org\/{rel}","templated":true}]}}